{"id":2731,"date":"2024-04-08T09:05:04","date_gmt":"2024-04-08T09:05:04","guid":{"rendered":"http:\/\/clapat-themes.com\/wordpress\/montoya\/?page_id=2731"},"modified":"2024-09-01T12:38:34","modified_gmt":"2024-09-01T12:38:34","slug":"etapy-pracy","status":"publish","type":"page","link":"https:\/\/plastelinastudio.pl\/","title":{"rendered":"Overlapping Gallery"},"content":{"rendered":"\n<div class=\"wp-block-montoya-gutenberg-container content-row dark-section full row_padding_left row_padding_right\" data-bgcolor=\"#0c0c0c\" style=\"text-align:left\">\n<!-- Showcase List Holder --><div id=\"itemsWrapperLinks\"><!-- Showcase List --><div id=\"itemsWrapper\" class=\"webgl-fitthumbs fx-one\"><!-- Overlapping Gallery --><div class=\"overlapping-gallery\"><div class=\"overlapping-image\"><div class=\"overlapping-image-inner trigger-item\" data-centerLine=\"Sprawd\u017a co w \u015brodku\"><div class=\"img-mask\"><a class=\"slide-link\" data-type=\"page-transition\" href=\"https:\/\/plastelinastudio.pl\/?montoya_portfolio=poznajemy-sie\"><\/a><div class=\"section-image trigger-item-link\"><img decoding=\"async\" src=\"https:\/\/plastelinastudio.pl\/wp-content\/uploads\/2024\/09\/plastelina-studio-marta-kaplicka-telefon-numer.png\" class=\"item-image grid__item-img\" alt=\"\"><div class=\"hero-video-wrapper\"><video loop muted class=\"bgvid\"><source src=\"https:\/\/plastelinastudio.pl\/wp-content\/uploads\/2024\/09\/marta-kaplicka-plastelina-studio-kontakt.mp4\" type=\"video\/mp4\"><source src=\"https:\/\/plastelinastudio.pl\/wp-content\/uploads\/2024\/09\/marta-kaplicka-plastelina-studio-kontakt.mp4\" type=\"video\/webm\"><\/video><\/div><img decoding=\"async\" class=\"grid__item-img grid__item-img--large\" src=\"https:\/\/plastelinastudio.pl\/wp-content\/uploads\/2024\/09\/plastelina-studio-marta-kaplicka-telefon-numer.png\" alt=\"\" \/><\/div><\/div><div class=\"slide-caption trigger-item-link-secondary\"><div class=\"slide-title primary-font-title\"><span>Poznajmy si\u0119<\/span><\/div><div class=\"slide-date\"><span>Wejd\u017a<\/span><\/div><div class=\"slide-cat\"><span>Czytaj<\/span><\/div><\/div><\/div><\/div><div class=\"overlapping-image\"><div class=\"overlapping-image-inner trigger-item\" data-centerLine=\"Sprawd\u017a co w \u015brodku\"><div class=\"img-mask\"><a class=\"slide-link\" data-type=\"page-transition\" href=\"https:\/\/plastelinastudio.pl\/?montoya_portfolio=inwentaryzacja\"><\/a><div class=\"section-image trigger-item-link\"><img decoding=\"async\" src=\"https:\/\/plastelinastudio.pl\/wp-content\/uploads\/2024\/09\/pomiar_z_natury_inwentaryzacja_pod_projekt.png\" class=\"item-image grid__item-img\" alt=\"\"><div class=\"hero-video-wrapper\"><video loop muted class=\"bgvid\"><source src=\"https:\/\/plastelinastudio.pl\/wp-content\/uploads\/2024\/09\/inwentaryzacja_Marta_Kaplicka_projektowanie_wnetrz.mp4\" type=\"video\/mp4\"><source src=\"https:\/\/plastelinastudio.pl\/wp-content\/uploads\/2024\/09\/inwentaryzacja_Marta_Kaplicka_projektowanie_wnetrz.mp4\" type=\"video\/webm\"><\/video><\/div><img decoding=\"async\" class=\"grid__item-img grid__item-img--large\" src=\"https:\/\/plastelinastudio.pl\/wp-content\/uploads\/2024\/09\/pomiar_z_natury_inwentaryzacja_pod_projekt.png\" alt=\"\" \/><\/div><\/div><div class=\"slide-caption trigger-item-link-secondary\"><div class=\"slide-title primary-font-title\"><span>Inwentaryzacja<\/span><\/div><div class=\"slide-date\"><span>Wejd\u017a<\/span><\/div><div class=\"slide-cat\"><span>Czytaj<\/span><\/div><\/div><\/div><\/div><div class=\"overlapping-image\"><div class=\"overlapping-image-inner trigger-item\" data-centerLine=\"Sprawd\u017a co w \u015brodku\"><div class=\"img-mask\"><a class=\"slide-link\" data-type=\"page-transition\" href=\"https:\/\/plastelinastudio.pl\/?montoya_portfolio=koncepcja\"><\/a><div class=\"section-image trigger-item-link\"><img decoding=\"async\" src=\"https:\/\/plastelinastudio.pl\/wp-content\/uploads\/2024\/09\/projektantka_wnetrz_Marta_Kaplicka_plastelina_studio.png\" class=\"item-image grid__item-img\" alt=\"podstawa projektowania wn\u0119trz to idealna koncepcja i pi\u0119kna inspiracja\"><div class=\"hero-video-wrapper\"><video loop muted class=\"bgvid\"><source src=\"https:\/\/plastelinastudio.pl\/wp-content\/uploads\/2024\/09\/koncepcja-rzut-funkcjonalny.mp4\" type=\"video\/mp4\"><source src=\"https:\/\/plastelinastudio.pl\/wp-content\/uploads\/2024\/09\/koncepcja-rzut-funkcjonalny.mp4\" type=\"video\/webm\"><\/video><\/div><img decoding=\"async\" class=\"grid__item-img grid__item-img--large\" src=\"https:\/\/plastelinastudio.pl\/wp-content\/uploads\/2024\/09\/projektantka_wnetrz_Marta_Kaplicka_plastelina_studio.png\" alt=\"podstawa projektowania wn\u0119trz to idealna koncepcja i pi\u0119kna inspiracja\" \/><\/div><\/div><div class=\"slide-caption trigger-item-link-secondary\"><div class=\"slide-title primary-font-title\"><span>Koncepcja<\/span><\/div><div class=\"slide-date\"><span>Wejd\u017a<\/span><\/div><div class=\"slide-cat\"><span>Czytaj<\/span><\/div><\/div><\/div><\/div><div class=\"overlapping-image\"><div class=\"overlapping-image-inner trigger-item\" data-centerLine=\"Sprawd\u017a co w \u015brodku\"><div class=\"img-mask\"><a class=\"slide-link\" data-type=\"page-transition\" href=\"https:\/\/plastelinastudio.pl\/?montoya_portfolio=kracja\"><\/a><div class=\"section-image trigger-item-link\"><img decoding=\"async\" src=\"https:\/\/plastelinastudio.pl\/wp-content\/uploads\/2024\/09\/kreacja_tworzenie_plastelina_studio_marta_kaplicka.png\" class=\"item-image grid__item-img\" alt=\"przestrze\u0144 pe\u0142na barw, struktur, kszta\u0142t\u00f3w, geometrii\"><div class=\"hero-video-wrapper\"><video loop muted class=\"bgvid\"><source src=\"https:\/\/plastelinastudio.pl\/wp-content\/uploads\/2024\/09\/kreacja-rzeczywistosci-ai.mp4\" type=\"video\/mp4\"><source src=\"https:\/\/plastelinastudio.pl\/wp-content\/uploads\/2024\/09\/kreacja-rzeczywistosci-ai.mp4\" type=\"video\/webm\"><\/video><\/div><img decoding=\"async\" class=\"grid__item-img grid__item-img--large\" src=\"https:\/\/plastelinastudio.pl\/wp-content\/uploads\/2024\/09\/kreacja_tworzenie_plastelina_studio_marta_kaplicka.png\" alt=\"przestrze\u0144 pe\u0142na barw, struktur, kszta\u0142t\u00f3w, geometrii\" \/><\/div><\/div><div class=\"slide-caption trigger-item-link-secondary\"><div class=\"slide-title primary-font-title\"><span>Kreacja<\/span><\/div><div class=\"slide-date\"><span>Wejd\u017a<\/span><\/div><div class=\"slide-cat\"><span>Czytaj<\/span><\/div><\/div><\/div><\/div><div class=\"overlapping-image\"><div class=\"overlapping-image-inner trigger-item change-header\" data-centerLine=\"Sprawd\u017a co w \u015brodku\"><div class=\"img-mask\"><a class=\"slide-link\" data-type=\"page-transition\" href=\"https:\/\/plastelinastudio.pl\/?montoya_portfolio=wizualizacja\"><\/a><div class=\"section-image trigger-item-link\"><img decoding=\"async\" src=\"https:\/\/plastelinastudio.pl\/wp-content\/uploads\/2024\/09\/ComfyUI_01298_.png\" class=\"item-image grid__item-img\" alt=\"\"><div class=\"hero-video-wrapper\"><video loop muted class=\"bgvid\"><source src=\"https:\/\/plastelinastudio.pl\/wp-content\/uploads\/2024\/09\/Gen-3-Alpha-Turbo-2832802952-This-award-winning-d-ComfyUI_01298_png.mp4\" type=\"video\/mp4\"><source src=\"https:\/\/plastelinastudio.pl\/wp-content\/uploads\/2024\/09\/Gen-3-Alpha-Turbo-2832802952-This-award-winning-d-ComfyUI_01298_png.mp4\" type=\"video\/webm\"><\/video><\/div><img decoding=\"async\" class=\"grid__item-img grid__item-img--large\" src=\"https:\/\/plastelinastudio.pl\/wp-content\/uploads\/2024\/09\/ComfyUI_01298_.png\" alt=\"\" \/><\/div><\/div><div class=\"slide-caption trigger-item-link-secondary\"><div class=\"slide-title primary-font-title\"><span>Wizualizacja<\/span><\/div><div class=\"slide-date\"><span>Wejd\u017a<\/span><\/div><div class=\"slide-cat\"><span>Czytaj<\/span><\/div><\/div><\/div><\/div><div class=\"overlapping-image\"><div class=\"overlapping-image-inner trigger-item change-header\" data-centerLine=\"Sprawd\u017a co w \u015brodku\"><div class=\"img-mask\"><a class=\"slide-link\" data-type=\"page-transition\" href=\"https:\/\/plastelinastudio.pl\/?montoya_portfolio=dokumentacja-techniczna\"><\/a><div class=\"section-image trigger-item-link\"><img decoding=\"async\" src=\"https:\/\/plastelinastudio.pl\/wp-content\/uploads\/2024\/09\/ComfyUI_01292_.png\" class=\"item-image grid__item-img\" alt=\"\"><div class=\"hero-video-wrapper\"><video loop muted class=\"bgvid\"><source src=\"https:\/\/plastelinastudio.pl\/wp-content\/uploads\/2024\/09\/Gen-3-Alpha-Turbo-802239808-a-plasticine-charact-ComfyUI_01026_png-.mp4\" type=\"video\/webm\"><\/video><\/div><img decoding=\"async\" class=\"grid__item-img grid__item-img--large\" src=\"https:\/\/plastelinastudio.pl\/wp-content\/uploads\/2024\/09\/ComfyUI_01292_.png\" alt=\"\" \/><\/div><\/div><div class=\"slide-caption trigger-item-link-secondary\"><div class=\"slide-title primary-font-title\"><span>dokumentacja techniczna <\/span><\/div><div class=\"slide-date\"><span>Wejd\u017a<\/span><\/div><div class=\"slide-cat\"><span>Czytaj<\/span><\/div><\/div><\/div><\/div><div class=\"overlapping-image\"><div class=\"overlapping-image-inner trigger-item\" data-centerLine=\"Sprawd\u017a co w \u015brodku\"><div class=\"img-mask\"><a class=\"slide-link\" data-type=\"page-transition\" href=\"https:\/\/plastelinastudio.pl\/?montoya_portfolio=meble-na-wymiar\"><\/a><div class=\"section-image trigger-item-link\"><img decoding=\"async\" src=\"https:\/\/plastelinastudio.pl\/wp-content\/uploads\/2024\/09\/ComfyUI_01174_.png\" class=\"item-image grid__item-img\" alt=\"\"><div class=\"hero-video-wrapper\"><video loop muted class=\"bgvid\"><source src=\"https:\/\/plastelinastudio.pl\/wp-content\/uploads\/2024\/09\/projektowanie-mebli-AI.mp4\" type=\"video\/webm\"><\/video><\/div><img decoding=\"async\" class=\"grid__item-img grid__item-img--large\" src=\"https:\/\/plastelinastudio.pl\/wp-content\/uploads\/2024\/09\/ComfyUI_01174_.png\" alt=\"\" \/><\/div><\/div><div class=\"slide-caption trigger-item-link-secondary\"><div class=\"slide-title primary-font-title\"><span>Meble na wymiar<\/span><\/div><div class=\"slide-date\"><span>Wejd\u017a<\/span><\/div><div class=\"slide-cat\"><span>Czytaj<\/span><\/div><\/div><\/div><\/div><\/div><!--\/Overlapping Gallery--><\/div><!--\/Showcase List--><\/div><!--\/Showcase List Holder-->\n<\/div>\n\n\n\n<div class=\"wp-block-montoya-gutenberg-container content-row dark-section normal\" data-bgcolor=\"#0c0c0c\" style=\"text-align:left\">\n<div style=\"height:40px\" aria-hidden=\"true\" class=\"wp-block-spacer\"><\/div>\n\n\n\n<p class=\"has-text-align-center\"> TE\u017b WOL\u0118 BEZPO\u015aREDNI KONTAKT!<br> <span class=\"has-opacity\">JE\u015aLI JESTE\u015a JU\u017b ZDECYDOWANY PRZEJD\u0179 \u015aMIA\u0141O DO <\/span>POZYCJI KONTAKT. <\/p>\n\n\n\n<div class=\"button-box has-animation text-align-center fadeout-element\" data-delay=\"250\"><div class=\"clapat-button-wrap parallax-wrap hide-ball\"><div class=\"clapat-button parallax-element\"><div class=\"button-border parallax-element-second outline rounded  text-align-center fadeout-element\"><a class=\" ajax-link animation-link\" href=\"https:\/\/plastelinastudio.pl\/?page_id=2770\" data-type=\"page-transition\" target=\"_self\"><span data-hover=\"Kontakt\">Kontakt<\/span><\/a><\/div><\/div><\/div><\/div>\n<\/div>\n\n\n\n<div class=\"wp-block-montoya-gutenberg-container content-row dark-section full row_padding_left row_padding_right\" data-bgcolor=\"#0c0c0c\" style=\"text-align:left\">\n<div class=\"wp-block-montoya-gutenberg-list-rotator list-rotator-wrapper\"><div class=\"list-rotator-title\">CZEGO MO\u017bNA SI\u0118 SPODZIEWA\u0106<\/div><div class=\"list-rotator-pin\"><ul class=\"list-rotator primary-font-title\">\n<li class=\"wp-block-montoya-gutenberg-list-rotator-item\">Modelowanie<\/li>\n\n\n\n<li class=\"wp-block-montoya-gutenberg-list-rotator-item\">Wizualizacje AI<\/li>\n\n\n\n<li class=\"wp-block-montoya-gutenberg-list-rotator-item\">Renderowanie<\/li>\n\n\n\n<li class=\"wp-block-montoya-gutenberg-list-rotator-item\">Tworzenie dokumentacji<\/li>\n\n\n\n<li class=\"wp-block-montoya-gutenberg-list-rotator-item\">Prace graficzne<\/li>\n\n\n\n<li class=\"wp-block-montoya-gutenberg-list-rotator-item\">Praca z wykonawcami<\/li>\n\n\n\n<li class=\"wp-block-montoya-gutenberg-list-rotator-item\">Kreowanie i Doradztwo <\/li>\n<\/ul><\/div><\/div>\n<\/div>\n\n\n\n<div class=\"wp-block-montoya-gutenberg-container content-row dark-section normal\" data-bgcolor=\"#0c0c0c\" style=\"text-align:center\">\n<div class=\"wp-block-columns is-layout-flex wp-container-core-columns-is-layout-9d6595d7 wp-block-columns-is-layout-flex\">\n<div class=\"wp-block-column is-layout-flow wp-block-column-is-layout-flow\">\n<div class=\"box-icon-wrapper block-boxes text-align-center\"><div class=\"box-icon\"><i class=\"fa fa-paper-plane fa-2x fa-2x\" aria-hidden=\"true\"><\/i><\/div><div class=\"box-icon-content\"><h6 class=\"no-margins\">plastelinastudio@gmail.com<\/h6><p>Email<\/p><\/div><\/div>\n<\/div>\n\n\n\n<div class=\"wp-block-column is-layout-flow wp-block-column-is-layout-flow\">\n<div class=\"box-icon-wrapper block-boxes text-align-center\"><div class=\"box-icon\"><i class=\"fa fa-map-marker fa-2x fa-2x\" aria-hidden=\"true\"><\/i><\/div><div class=\"box-icon-content\"><h6 class=\"no-margins\">Osiedle Le\u015bne 6a\/36 62-028 Kozieg\u0142owy<\/h6><p>Adres<\/p><\/div><\/div>\n<\/div>\n\n\n\n<div class=\"wp-block-column is-layout-flow wp-block-column-is-layout-flow\">\n<div class=\"box-icon-wrapper block-boxes text-align-center\"><div class=\"box-icon\"><i class=\"fa fa-phone fa-2x fa-2x\" aria-hidden=\"true\"><\/i><\/div><div class=\"box-icon-content\"><h6 class=\"no-margins\">+48 609 157 787<\/h6><p>Telefon<\/p><\/div><\/div>\n<\/div>\n<\/div>\n<\/div>\n","protected":false},"excerpt":{"rendered":"","protected":false},"author":1,"featured_media":0,"parent":0,"menu_order":0,"comment_status":"closed","ping_status":"closed","template":"","meta":{"footnotes":""},"class_list":["post-2731","page","type-page","status-publish","hentry"],"_links":{"self":[{"href":"https:\/\/plastelinastudio.pl\/index.php?rest_route=\/wp\/v2\/pages\/2731","targetHints":{"allow":["GET"]}}],"collection":[{"href":"https:\/\/plastelinastudio.pl\/index.php?rest_route=\/wp\/v2\/pages"}],"about":[{"href":"https:\/\/plastelinastudio.pl\/index.php?rest_route=\/wp\/v2\/types\/page"}],"author":[{"embeddable":true,"href":"https:\/\/plastelinastudio.pl\/index.php?rest_route=\/wp\/v2\/users\/1"}],"replies":[{"embeddable":true,"href":"https:\/\/plastelinastudio.pl\/index.php?rest_route=%2Fwp%2Fv2%2Fcomments&post=2731"}],"version-history":[{"count":8,"href":"https:\/\/plastelinastudio.pl\/index.php?rest_route=\/wp\/v2\/pages\/2731\/revisions"}],"predecessor-version":[{"id":3237,"href":"https:\/\/plastelinastudio.pl\/index.php?rest_route=\/wp\/v2\/pages\/2731\/revisions\/3237"}],"wp:attachment":[{"href":"https:\/\/plastelinastudio.pl\/index.php?rest_route=%2Fwp%2Fv2%2Fmedia&parent=2731"}],"curies":[{"name":"wp","href":"https:\/\/api.w.org\/{rel}","templated":true}]}}